{"id":2674,"date":"2026-04-12T01:42:40","date_gmt":"2026-04-12T01:42:40","guid":{"rendered":"https:\/\/gocchi.org\/?page_id=2674"},"modified":"2026-04-12T15:04:47","modified_gmt":"2026-04-12T15:04:47","slug":"santiago-fue-sede-del-consejo-regional-para-latino-america-de-la-american-society-of-clinical-oncology-asco","status":"publish","type":"page","link":"https:\/\/gocchi.org\/?page_id=2674","title":{"rendered":"Santiago fue sede del Consejo Regional para Latino Am\u00e9rica de la American Society of Clinical Oncology (ASCO)"},"content":{"rendered":"\t\t<div data-elementor-type=\"wp-page\" data-elementor-id=\"2674\" class=\"elementor elementor-2674\">\n\t\t\t\t\t\t<section class=\"elementor-section elementor-top-section elementor-element elementor-element-79bec0b4 elementor-section-boxed elementor-section-height-default elementor-section-height-default\" data-id=\"79bec0b4\" data-element_type=\"section\" data-e-type=\"section\">\n\t\t\t\t\t\t<div class=\"elementor-container elementor-column-gap-default\">\n\t\t\t\t\t<div class=\"elementor-column elementor-col-100 elementor-top-column elementor-element elementor-element-224630dc\" data-id=\"224630dc\" data-element_type=\"column\" data-e-type=\"column\">\n\t\t\t<div class=\"elementor-widget-wrap elementor-element-populated\">\n\t\t\t\t\t\t<div class=\"elementor-element elementor-element-72006050 elementor-widget elementor-widget-text-editor\" data-id=\"72006050\" data-element_type=\"widget\" data-e-type=\"widget\" data-widget_type=\"text-editor.default\">\n\t\t\t\t<div class=\"elementor-widget-container\">\n\t\t\t\t\t\t\t\t\t<p>El pasado 27 de febrero de 2026, GOCCHI fue anfitri\u00f3n de la Reuni\u00f3n Anual del Consejo Regional para Latino Am\u00e9rica de la American Society of Clinical Oncology (ASCO), instancia que reuni\u00f3 en Santiago a l\u00edderes en oncolog\u00eda de 14 pa\u00edses latinoamericanos para definir prioridades estrat\u00e9gicas en c\u00e1ncer para la regi\u00f3n.<\/p>\n<p>El Colegio M\u00e9dico otorg\u00f3 la sede del Regional de Santiago para la realizaci\u00f3n de la jornada, y los asistentes recibieron la bienvenida por parte de la Presidenta del Colegio M\u00e9dico de Santiago, Dra. Francisca Crispi, quien destac\u00f3 el inter\u00e9s del colegio m\u00e9dico en la tem\u00e1tica oncol\u00f3gica.<\/p>\n<p>En este contexto, la Presidenta de GOCCHI y representante de Chile en el Consejo Regional para Latino Am\u00e9rica de ASCO, Dra. Bettina M\u00fcller, y el Director Ejecutivo, Dr. Roberto Estay, presentaron una rese\u00f1a de la historia y del trabajo actual de GOCCHI, destacando el compromiso de nuestra corporaci\u00f3n con el fortalecimiento de la investigaci\u00f3n acad\u00e9mica oncol\u00f3gica en Chile y en la regi\u00f3n.<\/p>\n<p>Este encuentro permiti\u00f3 reforzar alianzas estrat\u00e9gicas y proyectar nuevas oportunidades de colaboraci\u00f3n orientadas a mejorar la calidad y el impacto de la investigaci\u00f3n cl\u00ednica en beneficio de los pacientes oncol\u00f3gicos de Latinoam\u00e9rica.<\/p>\t\t\t\t\t\t\t\t<\/div>\n\t\t\t\t<\/div>\n\t\t\t\t<div class=\"elementor-element elementor-element-carousel01 elementor-widget elementor-widget-html\" data-id=\"carousel01\" data-element_type=\"widget\" data-e-type=\"widget\" data-widget_type=\"html.default\">\n\t\t\t\t<div class=\"elementor-widget-container\">\n\t\t\t\t\t<link rel=\"stylesheet\" href=\"https:\/\/cdn.jsdelivr.net\/npm\/swiper@11\/swiper-bundle.min.css\"\/>\n<style>\n.gocchi-swiper { width:100%; margin:20px 0; }\n.gocchi-swiper .swiper-slide img { width:100%; height:420px; object-fit:cover; border-radius:6px; display:block; }\n.gocchi-swiper .swiper-button-next,\n.gocchi-swiper .swiper-button-prev { color:#006171; }\n.gocchi-swiper .swiper-pagination-bullet-active { background:#006171; }\n@media(max-width:767px){ .gocchi-swiper .swiper-slide img { height:220px; } }\n<\/style>\n<div class=\"swiper gocchi-swiper\">\n  <div class=\"swiper-wrapper\">\n<div class=\"swiper-slide\"><img decoding=\"async\" src=\"https:\/\/gocchi.org\/wp-content\/uploads\/2026\/04\/20260227_120821.jpg-scaled.jpeg\" alt=\"Consejo Regional LATAM ASCO 2026\" loading=\"lazy\"\/><\/div>\n<div class=\"swiper-slide\"><img decoding=\"async\" src=\"https:\/\/gocchi.org\/wp-content\/uploads\/2026\/04\/IMG_3642-scaled.jpg\" alt=\"Consejo Regional LATAM ASCO 2026\" loading=\"lazy\"\/><\/div>\n<div class=\"swiper-slide\"><img decoding=\"async\" src=\"https:\/\/gocchi.org\/wp-content\/uploads\/2026\/04\/IMG_3648-scaled.jpg\" alt=\"Consejo Regional LATAM ASCO 2026\" loading=\"lazy\"\/><\/div>\n<div class=\"swiper-slide\"><img decoding=\"async\" src=\"https:\/\/gocchi.org\/wp-content\/uploads\/2026\/04\/IMG_3654-scaled.jpg\" alt=\"Consejo Regional LATAM ASCO 2026\" loading=\"lazy\"\/><\/div>\n<div class=\"swiper-slide\"><img decoding=\"async\" src=\"https:\/\/gocchi.org\/wp-content\/uploads\/2026\/04\/IMG_3663-scaled.jpg\" alt=\"Consejo Regional LATAM ASCO 2026\" loading=\"lazy\"\/><\/div>\n<div class=\"swiper-slide\"><img decoding=\"async\" src=\"https:\/\/gocchi.org\/wp-content\/uploads\/2026\/04\/IMG_3666-scaled.jpg\" alt=\"Consejo Regional LATAM ASCO 2026\" loading=\"lazy\"\/><\/div>\n<div class=\"swiper-slide\"><img decoding=\"async\" src=\"https:\/\/gocchi.org\/wp-content\/uploads\/2026\/04\/IMG_3670-scaled.jpg\" alt=\"Consejo Regional LATAM ASCO 2026\" loading=\"lazy\"\/><\/div>\n<div class=\"swiper-slide\"><img decoding=\"async\" src=\"https:\/\/gocchi.org\/wp-content\/uploads\/2026\/04\/IMG_3671-scaled.jpg\" alt=\"Consejo Regional LATAM ASCO 2026\" loading=\"lazy\"\/><\/div>\n<div class=\"swiper-slide\"><img decoding=\"async\" src=\"https:\/\/gocchi.org\/wp-content\/uploads\/2026\/04\/IMG_3681-scaled.jpg\" alt=\"Consejo Regional LATAM ASCO 2026\" loading=\"lazy\"\/><\/div>\n<div class=\"swiper-slide\"><img decoding=\"async\" src=\"https:\/\/gocchi.org\/wp-content\/uploads\/2026\/04\/IMG_3683-scaled.jpg\" alt=\"Consejo Regional LATAM ASCO 2026\" loading=\"lazy\"\/><\/div>\n<div class=\"swiper-slide\"><img decoding=\"async\" src=\"https:\/\/gocchi.org\/wp-content\/uploads\/2026\/04\/IMG_3686-scaled.jpg\" alt=\"Consejo Regional LATAM ASCO 2026\" loading=\"lazy\"\/><\/div>\n<div class=\"swiper-slide\"><img decoding=\"async\" src=\"https:\/\/gocchi.org\/wp-content\/uploads\/2026\/04\/IMG_3690-scaled.jpg\" alt=\"Consejo Regional LATAM ASCO 2026\" loading=\"lazy\"\/><\/div>\n  <\/div>\n  <div class=\"swiper-button-next\"><\/div>\n  <div class=\"swiper-button-prev\"><\/div>\n  <div class=\"swiper-pagination\"><\/div>\n<\/div>\n<script src=\"https:\/\/cdn.jsdelivr.net\/npm\/swiper@11\/swiper-bundle.min.js\"><\/script>\n<script>\ndocument.addEventListener('DOMContentLoaded',function(){\n  new Swiper('.gocchi-swiper',{\n    loop:true,\n    slidesPerView:1,\n    spaceBetween:0,\n    navigation:{nextEl:'.swiper-button-next',prevEl:'.swiper-button-prev'},\n    pagination:{el:'.swiper-pagination',clickable:true},\n    autoplay:{delay:4000,disableOnInteraction:false},\n    breakpoints:{768:{slidesPerView:2,spaceBetween:10},1024:{slidesPerView:3,spaceBetween:12}}\n  });\n});\n<\/script>\t\t\t\t<\/div>\n\t\t\t\t<\/div>\n\t\t\t\t\t<\/div>\n\t\t<\/div>\n\t\t\t\t\t<\/div>\n\t\t<\/section>\n\t\t\t\t<\/div>\n\t\t","protected":false},"excerpt":{"rendered":"<p>El pasado 27 de febrero de 2026, GOCCHI fue anfitri\u00f3n de la Reuni\u00f3n Anual del Consejo Regional para Latino Am\u00e9rica de la American Society of Clinical Oncology (ASCO), instancia que reuni\u00f3 en Santiago a l\u00edderes en oncolog\u00eda de 14 pa\u00edses latinoamericanos para definir prioridades estrat\u00e9gicas en c\u00e1ncer para la regi\u00f3n. El Colegio M\u00e9dico otorg\u00f3 la [&hellip;]<\/p>\n","protected":false},"author":1,"featured_media":0,"parent":0,"menu_order":0,"comment_status":"closed","ping_status":"closed","template":"","meta":{"site-sidebar-layout":"default","site-content-layout":"","ast-site-content-layout":"default","site-content-style":"default","site-sidebar-style":"default","ast-global-header-display":"","ast-banner-title-visibility":"","ast-main-header-display":"","ast-hfb-above-header-display":"","ast-hfb-below-header-display":"","ast-hfb-mobile-header-display":"","site-post-title":"","ast-breadcrumbs-content":"","ast-featured-img":"","footer-sml-layout":"","ast-disable-related-posts":"","theme-transparent-header-meta":"","adv-header-id-meta":"","stick-header-meta":"","header-above-stick-meta":"","header-main-stick-meta":"","header-below-stick-meta":"","astra-migrate-meta-layouts":"default","ast-page-background-enabled":"default","ast-page-background-meta":{"desktop":{"background-color":"","background-image":"","background-repeat":"repeat","background-position":"center center","background-size":"auto","background-attachment":"scroll","background-type":"","background-media":"","overlay-type":"","overlay-color":"","overlay-opacity":"","overlay-gradient":""},"tablet":{"background-color":"","background-image":"","background-repeat":"repeat","background-position":"center center","background-size":"auto","background-attachment":"scroll","background-type":"","background-media":"","overlay-type":"","overlay-color":"","overlay-opacity":"","overlay-gradient":""},"mobile":{"background-color":"","background-image":"","background-repeat":"repeat","background-position":"center center","background-size":"auto","background-attachment":"scroll","background-type":"","background-media":"","overlay-type":"","overlay-color":"","overlay-opacity":"","overlay-gradient":""}},"ast-content-background-meta":{"desktop":{"background-color":"var(--ast-global-color-5)","background-image":"","background-repeat":"repeat","background-position":"center center","background-size":"auto","background-attachment":"scroll","background-type":"","background-media":"","overlay-type":"","overlay-color":"","overlay-opacity":"","overlay-gradient":""},"tablet":{"background-color":"var(--ast-global-color-5)","background-image":"","background-repeat":"repeat","background-position":"center center","background-size":"auto","background-attachment":"scroll","background-type":"","background-media":"","overlay-type":"","overlay-color":"","overlay-opacity":"","overlay-gradient":""},"mobile":{"background-color":"var(--ast-global-color-5)","background-image":"","background-repeat":"repeat","background-position":"center center","background-size":"auto","background-attachment":"scroll","background-type":"","background-media":"","overlay-type":"","overlay-color":"","overlay-opacity":"","overlay-gradient":""}},"footnotes":""},"class_list":["post-2674","page","type-page","status-publish","hentry"],"_links":{"self":[{"href":"https:\/\/gocchi.org\/index.php?rest_route=\/wp\/v2\/pages\/2674","targetHints":{"allow":["GET"]}}],"collection":[{"href":"https:\/\/gocchi.org\/index.php?rest_route=\/wp\/v2\/pages"}],"about":[{"href":"https:\/\/gocchi.org\/index.php?rest_route=\/wp\/v2\/types\/page"}],"author":[{"embeddable":true,"href":"https:\/\/gocchi.org\/index.php?rest_route=\/wp\/v2\/users\/1"}],"replies":[{"embeddable":true,"href":"https:\/\/gocchi.org\/index.php?rest_route=%2Fwp%2Fv2%2Fcomments&post=2674"}],"version-history":[{"count":3,"href":"https:\/\/gocchi.org\/index.php?rest_route=\/wp\/v2\/pages\/2674\/revisions"}],"predecessor-version":[{"id":2697,"href":"https:\/\/gocchi.org\/index.php?rest_route=\/wp\/v2\/pages\/2674\/revisions\/2697"}],"wp:attachment":[{"href":"https:\/\/gocchi.org\/index.php?rest_route=%2Fwp%2Fv2%2Fmedia&parent=2674"}],"curies":[{"name":"wp","href":"https:\/\/api.w.org\/{rel}","templated":true}]}}